{"id":36,"date":"2020-07-24T11:56:21","date_gmt":"2020-07-24T11:56:21","guid":{"rendered":"http:\/\/eyasmin\/?page_id=36"},"modified":"2020-07-24T12:04:50","modified_gmt":"2020-07-24T12:04:50","slug":"terminos-de-uso","status":"publish","type":"page","link":"https:\/\/enterateconyelisbethascencion.com\/en\/terminos-de-uso\/","title":{"rendered":"T\u00e9rminos de uso"},"content":{"rendered":"<p>T\u00e9rminos de uso T\u00e9rminos de uso T\u00e9rminos de uso<\/p>","protected":false},"excerpt":{"rendered":"<p>T\u00e9rminos de uso T\u00e9rminos de uso T\u00e9rminos de uso<\/p>","protected":false},"author":1,"featured_media":0,"parent":0,"menu_order":0,"comment_status":"closed","ping_status":"closed","template":"","meta":[],"_links":{"self":[{"href":"https:\/\/enterateconyelisbethascencion.com\/en\/wp-json\/wp\/v2\/pages\/36"}],"collection":[{"href":"https:\/\/enterateconyelisbethascencion.com\/en\/wp-json\/wp\/v2\/pages"}],"about":[{"href":"https:\/\/enterateconyelisbethascencion.com\/en\/wp-json\/wp\/v2\/types\/page"}],"author":[{"embeddable":true,"href":"https:\/\/enterateconyelisbethascencion.com\/en\/wp-json\/wp\/v2\/users\/1"}],"replies":[{"embeddable":true,"href":"https:\/\/enterateconyelisbethascencion.com\/en\/wp-json\/wp\/v2\/comments?post=36"}],"version-history":[{"count":2,"href":"https:\/\/enterateconyelisbethascencion.com\/en\/wp-json\/wp\/v2\/pages\/36\/revisions"}],"predecessor-version":[{"id":45,"href":"https:\/\/enterateconyelisbethascencion.com\/en\/wp-json\/wp\/v2\/pages\/36\/revisions\/45"}],"wp:attachment":[{"href":"https:\/\/enterateconyelisbethascencion.com\/en\/wp-json\/wp\/v2\/media?parent=36"}],"curies":[{"name":"wp","href":"https:\/\/api.w.org\/{rel}","templated":true}]}}